{"id":900,"date":"2019-06-17T11:34:44","date_gmt":"2019-06-17T11:34:44","guid":{"rendered":"https:\/\/www.taxiamic.cat\/presentacion-historia\/"},"modified":"2020-05-29T08:18:40","modified_gmt":"2020-05-29T08:18:40","slug":"presentacio-historia","status":"publish","type":"page","link":"https:\/\/www.taxiamic.cat\/ca\/presentacio-historia\/","title":{"rendered":"Presentaci\u00f3 i hist\u00f2ria"},"content":{"rendered":"<p>[et_pb_section fb_built=&#8221;1&#8243; admin_label=&#8221;section&#8221; module_class=&#8221;title-page&#8221; _builder_version=&#8221;4.3.1&#8243; background_image=&#8221;https:\/\/www.taxiamic.cat\/wp-content\/uploads\/2020\/02\/JK7_6957.jpg&#8221;][et_pb_row column_structure=&#8221;1_2,1_2&#8243; admin_label=&#8221;row&#8221; _builder_version=&#8221;3.25&#8243; background_size=&#8221;initial&#8221; background_position=&#8221;top_left&#8221; background_repeat=&#8221;repeat&#8221;][et_pb_column type=&#8221;1_2&#8243; _builder_version=&#8221;3.25&#8243; custom_padding=&#8221;|||&#8221; custom_padding__hover=&#8221;|||&#8221;][\/et_pb_column][et_pb_column type=&#8221;1_2&#8243; _builder_version=&#8221;3.25&#8243; custom_padding=&#8221;|||&#8221; custom_padding__hover=&#8221;|||&#8221;][et_pb_text module_class=&#8221;text-white&#8221; _builder_version=&#8221;3.27.4&#8243;]<\/p>\n<h2>Transport adaptat<\/h2>\n<p><strong>Taxi Amic S.L.<\/strong> compta amb una llarga traject\u00f2ria dedicada exclusivament al <strong>transport de persones amb mobilitat redu\u00efda<\/strong> a l\u2019\u00e0mbit metropolit\u00e0.<\/p>\n<p>Som una empresa que ens hem especialitzat, formant un equip de persones que treballen en aquest servei i que ha suposat una modalitat en expansi\u00f3.<\/p>\n<p>Gracies a aix\u00f2 oferim una major flexibilitat i capacitat de resposta per als viatges dif\u00edcils de programar amb suficient antelaci\u00f3, a mes la flota es m\u00e9s apte i c\u00f2moda per circular en una trama urbana de barris de <strong>Barcelona<\/strong>.<\/p>\n<p>En un esfor\u00e7 d\u2019integraci\u00f3 en aquest servei, hem adquirit quatre llic\u00e8ncies de propietat per \u00fas exclusiu del transport adaptat.<\/p>\n<p>[\/et_pb_text][\/et_pb_column][\/et_pb_row][\/et_pb_section][et_pb_section fb_built=&#8221;1&#8243; _builder_version=&#8221;3.24.1&#8243;][et_pb_row _builder_version=&#8221;3.25&#8243;][et_pb_column type=&#8221;4_4&#8243; _builder_version=&#8221;3.25&#8243; custom_padding=&#8221;|||&#8221; custom_padding__hover=&#8221;|||&#8221;][et_pb_text _builder_version=&#8221;3.27.4&#8243;]<\/p>\n<h2>Hist\u00f2ria<\/h2>\n<p><strong>Taxi Amic S.L.<\/strong> treballa de forma exclusiva el servei adaptat. No es una companyia convencional de taxis. <strong>No fa serveis de taxi no adaptat.<\/strong><\/p>\n<p>El primer Taxi polivalent va circular a la ciutat de Barcelona l\u2019any 1991. De cara als Jocs Ol\u00edmpics i Paral\u00edmpics de 1992 altres taxistes van adquirir vehicles adaptats, arribant aixi a les 7 unitats l\u2019any 1993.<\/p>\n<p>La idea de formar una emissora exclusiva per a serveis de taxi adaptat neix a 1996 , despr\u00e8s de valoren la possibilitat d\u2019unir-se per a la prestaci\u00f3 en exclusiva d\u2019aquest tipus de serveis. Tres Anys m\u00e9s tard, amb un nombre major de vehicles adaptats en circulaci\u00f3 i la predisposici\u00f3 de mes persones a afegir-se al projecte, neix Taxi Amic. En aquells moments el nombre de vehicles en servei era de 19.<\/p>\n<p>En l\u2019actualitat s\u2019ha transformat en Societat Limitada.<\/p>\n<p>En tot aquest temps Taxi Amic ha demostrat la seva capacitat d\u2019adaptaci\u00f3 a la realitat social del seu entorn i la voluntat d\u2019oferir un transport p\u00fablic de qualitat, creant un sistema de mobilitat adaptada a l\u2019\u00e0rea de Barcelona que ha estat pioner a tot Europa.<\/p>\n<p>[\/et_pb_text][\/et_pb_column][\/et_pb_row][\/et_pb_section]<\/p>\n","protected":false},"excerpt":{"rendered":"<p>Transport adaptat Taxi Amic S.L. compta amb una llarga traject\u00f2ria dedicada exclusivament al transport de persones amb mobilitat redu\u00efda a l\u2019\u00e0mbit metropolit\u00e0. Som una empresa que ens hem especialitzat, formant un equip de persones que treballen en aquest servei i que ha suposat una modalitat en expansi\u00f3. Gracies a aix\u00f2 oferim una major flexibilitat i [&hellip;]<\/p>\n","protected":false},"author":1,"featured_media":0,"parent":0,"menu_order":0,"comment_status":"closed","ping_status":"closed","template":"","meta":{"_et_pb_use_builder":"on","_et_pb_old_content":"","_et_gb_content_width":"","footnotes":""},"class_list":["post-900","page","type-page","status-publish","hentry"],"_links":{"self":[{"href":"https:\/\/www.taxiamic.cat\/ca\/wp-json\/wp\/v2\/pages\/900","targetHints":{"allow":["GET"]}}],"collection":[{"href":"https:\/\/www.taxiamic.cat\/ca\/wp-json\/wp\/v2\/pages"}],"about":[{"href":"https:\/\/www.taxiamic.cat\/ca\/wp-json\/wp\/v2\/types\/page"}],"author":[{"embeddable":true,"href":"https:\/\/www.taxiamic.cat\/ca\/wp-json\/wp\/v2\/users\/1"}],"replies":[{"embeddable":true,"href":"https:\/\/www.taxiamic.cat\/ca\/wp-json\/wp\/v2\/comments?post=900"}],"version-history":[{"count":5,"href":"https:\/\/www.taxiamic.cat\/ca\/wp-json\/wp\/v2\/pages\/900\/revisions"}],"predecessor-version":[{"id":1516,"href":"https:\/\/www.taxiamic.cat\/ca\/wp-json\/wp\/v2\/pages\/900\/revisions\/1516"}],"wp:attachment":[{"href":"https:\/\/www.taxiamic.cat\/ca\/wp-json\/wp\/v2\/media?parent=900"}],"curies":[{"name":"wp","href":"https:\/\/api.w.org\/{rel}","templated":true}]}}