{"id":912,"date":"2019-06-17T13:20:46","date_gmt":"2019-06-17T13:20:46","guid":{"rendered":"https:\/\/www.taxiamic.cat\/vehiculos\/"},"modified":"2020-02-17T08:25:05","modified_gmt":"2020-02-17T08:25:05","slug":"vehiculos","status":"publish","type":"page","link":"https:\/\/www.taxiamic.cat\/ca\/vehiculos\/","title":{"rendered":"Vehicles"},"content":{"rendered":"<p>[et_pb_section fb_built=&#8221;1&#8243; module_class=&#8221;title-page&#8221; _builder_version=&#8221;4.3.1&#8243; background_image=&#8221;https:\/\/www.taxiamic.cat\/wp-content\/uploads\/2020\/02\/JK7_6957.jpg&#8221; hover_enabled=&#8221;0&#8243;][et_pb_row _builder_version=&#8221;3.25&#8243; column_structure=&#8221;1_2,1_2&#8243;][et_pb_column type=&#8221;1_2&#8243; _builder_version=&#8221;3.25&#8243; custom_padding=&#8221;|||&#8221; custom_padding__hover=&#8221;|||&#8221;][et_pb_text _builder_version=&#8221;3.27.4&#8243;]<\/p>\n<h1>Vehicles<\/h1>\n<p>[\/et_pb_text][\/et_pb_column][et_pb_column type=&#8221;1_2&#8243; _builder_version=&#8221;3.25&#8243; custom_padding=&#8221;|||&#8221; custom_padding__hover=&#8221;|||&#8221;][et_pb_text module_class=&#8221;text-white&#8221; _builder_version=&#8221;3.27.4&#8243; hover_enabled=&#8221;0&#8243;]<\/p>\n<p>Per fer el servei de taxi adaptat estem apostant \u00f9nicament per els models que porten unes caracteristiques imprescindibles per a la comodidat de l\u00b4usuari.<\/p>\n<p>Aquests vehicles s\u00f3n:<\/p>\n<h4>Mercedes Vito<\/h4>\n<h4>Volswagen Caravelle<\/h4>\n<h4>Fiat Escudo<\/h4>\n<p>&#8230; i l&#8217;\u00faltim en nous dissenys\u00a0<\/p>\n<p>[\/et_pb_text][\/et_pb_column][\/et_pb_row][et_pb_row _builder_version=&#8221;3.25&#8243; column_structure=&#8221;1_4,1_4,1_4,1_4&#8243;][et_pb_column type=&#8221;1_4&#8243; _builder_version=&#8221;3.25&#8243; custom_padding=&#8221;|||&#8221; custom_padding__hover=&#8221;|||&#8221;][et_pb_image src=&#8221;https:\/\/www.taxiamic.cat\/wp-content\/uploads\/2020\/02\/taxiamic-una-vida-ambtu.jpg&#8221; _builder_version=&#8221;4.3.1&#8243; hover_enabled=&#8221;0&#8243;][\/et_pb_image][et_pb_text module_class=&#8221;text-white&#8221; _builder_version=&#8221;4.3.1&#8243; hover_enabled=&#8221;0&#8243;]<\/p>\n<p style=\"text-align: center;\">Altres<\/p>\n<p>[\/et_pb_text][\/et_pb_column][et_pb_column type=&#8221;1_4&#8243; _builder_version=&#8221;3.25&#8243; custom_padding=&#8221;|||&#8221; custom_padding__hover=&#8221;|||&#8221;][et_pb_image src=&#8221;https:\/\/www.taxiamic.cat\/wp-content\/uploads\/2019\/06\/mercedes-vito.jpg&#8221; _builder_version=&#8221;3.24.1&#8243;][\/et_pb_image][et_pb_text module_class=&#8221;text-white&#8221; _builder_version=&#8221;3.27.4&#8243;]<\/p>\n<p style=\"text-align: center;\">Mercedes Vito<\/p>\n<p>[\/et_pb_text][\/et_pb_column][et_pb_column type=&#8221;1_4&#8243; _builder_version=&#8221;3.25&#8243; custom_padding=&#8221;|||&#8221; custom_padding__hover=&#8221;|||&#8221;][et_pb_image src=&#8221;https:\/\/www.taxiamic.cat\/wp-content\/uploads\/2019\/06\/volkswagen-caravelle.jpg&#8221; _builder_version=&#8221;3.24.1&#8243;][\/et_pb_image][et_pb_text module_class=&#8221;text-white&#8221; _builder_version=&#8221;3.27.4&#8243;]<\/p>\n<p style=\"text-align: center;\">Volswagen Caravelle<\/p>\n<p>[\/et_pb_text][\/et_pb_column][et_pb_column type=&#8221;1_4&#8243; _builder_version=&#8221;3.25&#8243; custom_padding=&#8221;|||&#8221; custom_padding__hover=&#8221;|||&#8221;][et_pb_image src=&#8221;https:\/\/www.taxiamic.cat\/wp-content\/uploads\/2019\/06\/Scudo.jpg&#8221; _builder_version=&#8221;3.24.1&#8243;][\/et_pb_image][et_pb_text module_class=&#8221;text-white&#8221; _builder_version=&#8221;3.27.4&#8243;]<\/p>\n<p style=\"text-align: center;\">Fiat Escudo<\/p>\n<p>[\/et_pb_text][\/et_pb_column][\/et_pb_row][\/et_pb_section][et_pb_section fb_built=&#8221;1&#8243; _builder_version=&#8221;3.24.1&#8243;][et_pb_row _builder_version=&#8221;3.25&#8243;][et_pb_column type=&#8221;4_4&#8243; _builder_version=&#8221;3.25&#8243; custom_padding=&#8221;|||&#8221; custom_padding__hover=&#8221;|||&#8221;][et_pb_text _builder_version=&#8221;3.27.4&#8243;]<\/p>\n<p>Els vehicles tenen una mitjana de 4 anys d&#8217;edat.<\/p>\n<p>Las caracter\u00edstiques dels vehicles son molt semblants. Capacitat per a cinc Passatgers (4 seients + la cadira) a m\u00e9s del conductor.<\/p>\n<p>[\/et_pb_text][et_pb_text _builder_version=&#8221;3.27.4&#8243;]<\/p>\n<p>A l\u00b4espai per la cadira, l\u00b4usuari pot accedir-hi amb comoditat i sense baixar de la seva cadira de rodes, un espai habilitat per una rampa desplegable a la part de darrera destinada a l\u00b4efecte.<\/p>\n<p>Per garantir major seguretat, els vehicles tenen un ancoratge de 4 punts per tal de fixar la cadira de rodes al terra quan la rampa es recollida despr\u00e9s que l\u00b4usuari hi hagi accedit, paral\u00b7lelament, al viatger se\u00b4l corda amb un cintur\u00f3 especial de seguretat de tres punts per tal d\u00b4incrementar la subjecci\u00f3 del tronc.<\/p>\n<p>A la part lateral de cadascuna de les portes d\u00b4acc\u00e9s va instal\u00b7lat un esgla\u00f3 m\u00f3vil de manera que la distancia entre el terra del vehicle i la cal\u00e7ada es pot fer amb m\u00e9s facilitat..<\/p>\n<p>[\/et_pb_text][et_pb_text _builder_version=&#8221;3.27.4&#8243;]Com que son taxis, a mes de l\u00b4equipament est\u00e1ndar, tots tenen instal-lats els equips obligatoris necessaris per al desenvoluptament del servei (tax\u00edmetre i r\u00e8tol indicador exterior homologats) i d\u00b4altres no obligatoris que li donen un plus de qualitat al servei, com impresora per la confecci\u00f3 de rebuts per l\u00b4usuari, emisora de r\u00e0dio, tel\u00e8fon d\u00b4empresa i sistema GPRS per comunicar amb la central, equipament de navegaci\u00f3 i posicionament GPS, reposa caps universal per a cadires.[\/et_pb_text][\/et_pb_column][\/et_pb_row][\/et_pb_section]<\/p>\n","protected":false},"excerpt":{"rendered":"<p>VehiclesPer fer el servei de taxi adaptat estem apostant \u00f9nicament per els models que porten unes caracteristiques imprescindibles per a la comodidat de l\u00b4usuari. Aquests vehicles s\u00f3n: Mercedes Vito Volswagen Caravelle Fiat Escudo &#8230; i l&#8217;\u00faltim en nous dissenys\u00a0Altres Mercedes VitoVolswagen CaravelleFiat EscudoEls vehicles tenen una mitjana de 4 anys d&#8217;edat. Las caracter\u00edstiques dels vehicles [&hellip;]<\/p>\n","protected":false},"author":1,"featured_media":0,"parent":0,"menu_order":0,"comment_status":"closed","ping_status":"closed","template":"","meta":{"_et_pb_use_builder":"on","_et_pb_old_content":"","_et_gb_content_width":"","footnotes":""},"class_list":["post-912","page","type-page","status-publish","hentry"],"_links":{"self":[{"href":"https:\/\/www.taxiamic.cat\/ca\/wp-json\/wp\/v2\/pages\/912","targetHints":{"allow":["GET"]}}],"collection":[{"href":"https:\/\/www.taxiamic.cat\/ca\/wp-json\/wp\/v2\/pages"}],"about":[{"href":"https:\/\/www.taxiamic.cat\/ca\/wp-json\/wp\/v2\/types\/page"}],"author":[{"embeddable":true,"href":"https:\/\/www.taxiamic.cat\/ca\/wp-json\/wp\/v2\/users\/1"}],"replies":[{"embeddable":true,"href":"https:\/\/www.taxiamic.cat\/ca\/wp-json\/wp\/v2\/comments?post=912"}],"version-history":[{"count":4,"href":"https:\/\/www.taxiamic.cat\/ca\/wp-json\/wp\/v2\/pages\/912\/revisions"}],"predecessor-version":[{"id":1219,"href":"https:\/\/www.taxiamic.cat\/ca\/wp-json\/wp\/v2\/pages\/912\/revisions\/1219"}],"wp:attachment":[{"href":"https:\/\/www.taxiamic.cat\/ca\/wp-json\/wp\/v2\/media?parent=912"}],"curies":[{"name":"wp","href":"https:\/\/api.w.org\/{rel}","templated":true}]}}