{"id":956,"date":"2019-06-18T06:56:46","date_gmt":"2019-06-18T06:56:46","guid":{"rendered":"https:\/\/www.taxiamic.cat\/servicios\/"},"modified":"2026-03-17T09:59:32","modified_gmt":"2026-03-17T09:59:32","slug":"serveis","status":"publish","type":"page","link":"https:\/\/www.taxiamic.cat\/ca\/serveis\/","title":{"rendered":"Serveis"},"content":{"rendered":"<p>[et_pb_section fb_built=&#8221;1&#8243; module_class=&#8221;title-page&#8221; _builder_version=&#8221;4.16&#8243; global_colors_info=&#8221;{}&#8221;][et_pb_row _builder_version=&#8221;4.16&#8243; global_colors_info=&#8221;{}&#8221;][et_pb_column type=&#8221;4_4&#8243; _builder_version=&#8221;4.16&#8243; custom_padding=&#8221;|||&#8221; global_colors_info=&#8221;{}&#8221; custom_padding__hover=&#8221;|||&#8221;][et_pb_text _builder_version=&#8221;4.16&#8243; global_colors_info=&#8221;{}&#8221;]<\/p>\n<h1>Serveis<\/h1>\n<p>[\/et_pb_text][\/et_pb_column][\/et_pb_row][\/et_pb_section][et_pb_section fb_built=&#8221;1&#8243; _builder_version=&#8221;4.16&#8243; global_colors_info=&#8221;{}&#8221;][et_pb_row column_structure=&#8221;1_2,1_2&#8243; _builder_version=&#8221;4.16&#8243; global_colors_info=&#8221;{}&#8221;][et_pb_column type=&#8221;1_2&#8243; _builder_version=&#8221;4.16&#8243; custom_padding=&#8221;|||&#8221; global_colors_info=&#8221;{}&#8221; custom_padding__hover=&#8221;|||&#8221;][et_pb_text _builder_version=&#8221;4.16&#8243; global_colors_info=&#8221;{}&#8221;]<\/p>\n<h2>Prestaci\u00f3 del servei<\/h2>\n<p>Tots els dies de l&#8217;any.<\/p>\n<h2>Atenci\u00f3 al client<\/h2>\n<p>7 a 23 h, laborables (tenim en compte festes locals).<br \/>8 de 22 h, dissabtes no festius.<\/p>\n<p>[\/et_pb_text][et_pb_image src=&#8221;https:\/\/www.taxiamic.cat\/wp-content\/uploads\/2026\/03\/Carta-de-serveis_cat-pdf.jpg&#8221; url=&#8221;https:\/\/www.taxiamic.cat\/wp-content\/uploads\/2026\/03\/Carta-de-serveis_cat.pdf&#8221; url_new_window=&#8221;on&#8221; _builder_version=&#8221;4.27.4&#8243; _module_preset=&#8221;default&#8221; hover_enabled=&#8221;0&#8243; global_colors_info=&#8221;{}&#8221; sticky_enabled=&#8221;0&#8243;][\/et_pb_image][\/et_pb_column][et_pb_column type=&#8221;1_2&#8243; _builder_version=&#8221;4.16&#8243; custom_padding=&#8221;|||&#8221; global_colors_info=&#8221;{}&#8221; custom_padding__hover=&#8221;|||&#8221;][et_pb_text _builder_version=&#8221;4.16&#8243; global_colors_info=&#8221;{}&#8221;]<\/p>\n<h2>Normativa<\/h2>\n<p>Per fer una reserva pot enviar la sol\u00b7licitud de servei amb una antelaci\u00f3 m\u00ednima de 24 hores i ens posarem en contacte amb vost\u00e8 per confirmar la reserva.<\/p>\n<p>Sol\u00b7licitar un servei no fa efectiva la reserva. <strong>Es requereix confirmaci\u00f3 telef\u00f2nica.<\/strong><\/p>\n<p>[\/et_pb_text][et_pb_image src=&#8221;https:\/\/www.taxiamic.cat\/wp-content\/uploads\/2019\/06\/servei-form.png&#8221; url=&#8221;\/reservas\/&#8221; align=&#8221;center&#8221; _builder_version=&#8221;4.16&#8243; width=&#8221;100%&#8221; global_colors_info=&#8221;{}&#8221;][\/et_pb_image][et_pb_image src=&#8221;https:\/\/www.taxiamic.cat\/wp-content\/uploads\/2020\/05\/20200518_081526.jpg&#8221; force_fullwidth=&#8221;on&#8221; _builder_version=&#8221;4.16&#8243; global_colors_info=&#8221;{}&#8221;][\/et_pb_image][\/et_pb_column][\/et_pb_row][\/et_pb_section]<\/p>\n","protected":false},"excerpt":{"rendered":"<p>ServeisPrestaci\u00f3 del servei Tots els dies de l&#8217;any. Atenci\u00f3 al client 7 a 23 h, laborables (tenim en compte festes locals).8 de 22 h, dissabtes no festius.Normativa Per fer una reserva pot enviar la sol\u00b7licitud de servei amb una antelaci\u00f3 m\u00ednima de 24 hores i ens posarem en contacte amb vost\u00e8 per confirmar la reserva. [&hellip;]<\/p>\n","protected":false},"author":1,"featured_media":0,"parent":0,"menu_order":0,"comment_status":"closed","ping_status":"closed","template":"","meta":{"_et_pb_use_builder":"on","_et_pb_old_content":"","_et_gb_content_width":"","footnotes":""},"class_list":["post-956","page","type-page","status-publish","hentry"],"_links":{"self":[{"href":"https:\/\/www.taxiamic.cat\/ca\/wp-json\/wp\/v2\/pages\/956","targetHints":{"allow":["GET"]}}],"collection":[{"href":"https:\/\/www.taxiamic.cat\/ca\/wp-json\/wp\/v2\/pages"}],"about":[{"href":"https:\/\/www.taxiamic.cat\/ca\/wp-json\/wp\/v2\/types\/page"}],"author":[{"embeddable":true,"href":"https:\/\/www.taxiamic.cat\/ca\/wp-json\/wp\/v2\/users\/1"}],"replies":[{"embeddable":true,"href":"https:\/\/www.taxiamic.cat\/ca\/wp-json\/wp\/v2\/comments?post=956"}],"version-history":[{"count":10,"href":"https:\/\/www.taxiamic.cat\/ca\/wp-json\/wp\/v2\/pages\/956\/revisions"}],"predecessor-version":[{"id":11082,"href":"https:\/\/www.taxiamic.cat\/ca\/wp-json\/wp\/v2\/pages\/956\/revisions\/11082"}],"wp:attachment":[{"href":"https:\/\/www.taxiamic.cat\/ca\/wp-json\/wp\/v2\/media?parent=956"}],"curies":[{"name":"wp","href":"https:\/\/api.w.org\/{rel}","templated":true}]}}