{"id":513,"date":"2019-06-18T08:20:29","date_gmt":"2019-06-18T08:20:29","guid":{"rendered":"https:\/\/www.taxiamic.cat\/aviso-legal\/"},"modified":"2019-06-19T12:32:41","modified_gmt":"2019-06-19T12:32:41","slug":"legal-advice","status":"publish","type":"page","link":"https:\/\/www.taxiamic.cat\/en\/legal-advice\/","title":{"rendered":"Legal advice"},"content":{"rendered":"<p>[et_pb_section fb_built=&#8221;1&#8243; module_class=&#8221;title-page&#8221; _builder_version=&#8221;3.24.1&#8243;][et_pb_row _builder_version=&#8221;3.24.1&#8243;][et_pb_column type=&#8221;4_4&#8243; _builder_version=&#8221;3.24.1&#8243;][et_pb_text _builder_version=&#8221;3.24.1&#8243;]<\/p>\n<h1>Legal advice<\/h1>\n<p>[\/et_pb_text][\/et_pb_column][\/et_pb_row][\/et_pb_section][et_pb_section fb_built=&#8221;1&#8243; _builder_version=&#8221;3.24.1&#8243;][et_pb_row _builder_version=&#8221;3.24.1&#8243;][et_pb_column type=&#8221;4_4&#8243; _builder_version=&#8221;3.24.1&#8243;][et_pb_text module_class=&#8221;legal&#8221; _builder_version=&#8221;3.24.1&#8243;]<\/p>\n<h3>CONDICIONES DE USO<\/h3>\n<p>En cumplimiento de la Ley 34\/2002, de 11 de julio, de Servicios de la Sociedad de la Informaci\u00f3n y de Comercio Electr\u00f3nico (LSSI-CE), TAXI AMIC SL informa que es titular del sitio web www.taxi-amic-adaptat.com. De acuerdo con la exigencia del art\u00edculo 10 de la citada Ley, TAXI AMIC SL informa de los siguientes datos:<\/p>\n<p>El titular de este sitio web es TAXI AMIC SL, con CIF B63696900 y domicilio social en C\/TAULAT,24 08005, BARCELONA, inscrita en el Registro Mercantil, en el tomo 37177, folio 0120, hoja B301540 e inscripci\u00f3n 1\u00aa. La direcci\u00f3n de correo electr\u00f3nico de contacto con la empresa es: info@taxi-amic-adaptat.com.<\/p>\n<h3>USUARIO Y R\u00c9GIMEN DE RESPONSABILIDADES<\/h3>\n<p>La navegaci\u00f3n, acceso y uso por el sitio web de TAXI AMIC SL confiere la condici\u00f3n de usuario, por la que se aceptan, desde la navegaci\u00f3n por el sitio web de TAXI AMIC SL, todas las condiciones de uso aqu\u00ed establecidas sin perjuicio de la aplicaci\u00f3n de la correspondiente normativa de obligado cumplimiento legal seg\u00fan el caso.<\/p>\n<p>El sitio web de TAXI AMIC SL proporciona gran diversidad de informaci\u00f3n, servicios y datos. El usuario asume su responsabilidad en el uso correcto del sitio web. Esta responsabilidad se extender\u00e1 a:<br \/>\n&#8211; La veracidad y licitud de las informaciones aportadas por el usuario en los formularios extendidos por TAXI AMIC SL para el acceso a ciertos contenidos o servicios ofrecidos por el web.<br \/>\n&#8211; El uso de la informaci\u00f3n, servicios y datos ofrecidos por TAXI AMIC SL contrariamente a lo dispuesto por las presentes condiciones, la Ley, la moral, las buenas costumbres o el orden p\u00fablico, o que de cualquier otro modo puedan suponer lesi\u00f3n de los derechos de terceros o del mismo funcionamiento del sitio web.<\/p>\n<h3>POL\u00cdTICA DE ENLACES Y EXENCIONES DE RESPONSABILIDAD<\/h3>\n<p>TAXI AMIC SL no se hace responsable del contenido de los sitios web a los que el usuario pueda acceder a trav\u00e9s de los enlaces establecidos en su sitio web y declara que en ning\u00fan caso proceder\u00e1 a examinar o ejercitar ning\u00fan tipo de control sobre el contenido de otros sitios de la red. Asimismo, tampoco garantizar\u00e1 la disponibilidad t\u00e9cnica, exactitud, veracidad, validez o legalidad de sitios ajenos a su propiedad a los que se pueda acceder por medio de los enlaces.<\/p>\n<p>TAXI AMIC SL declara haber adoptado todas las medidas necesarias para evitar cualquier da\u00f1o a los usuarios de su sitio web, que pudieran derivarse de la navegaci\u00f3n por su sitio web. En consecuencia, TAXI AMIC SL no se hace responsable, en ning\u00fan caso, de los eventuales da\u00f1os que por la navegaci\u00f3n por Internet pudiera sufrir el usuario.<\/p>\n<h3>MODIFICACIONES<\/h3>\n<p>TAXI AMIC SL se reserva el derecho a realizar las modificaciones que considere oportunas, sin aviso previo, en el contenido de su sitio web. Tanto en lo referente a los contenidos del sitio web, como en las condiciones de uso del mismo, o en las condiciones generales de contrataci\u00f3n. Dichas modificaciones podr\u00e1n realizarse a trav\u00e9s de su sitio web por cualquier forma admisible en derecho y ser\u00e1n de obligado cumplimiento durante el tiempo en que se encuentren publicadas en el web y hasta que no sean modificadas v\u00e1lidamente por otras posteriores.<\/p>\n<h3>SERVICIOS DE RESERVA POR INTERNET<\/h3>\n<p>Ciertos contenidos de la website de TAXI AMIC SL contienen la posibilidad reservar a trav\u00e9s del formulario del apartado RESERVAS. El env\u00edo del mencionado formulario no hace efectiva la reserva. Se requiere confirmaci\u00f3n telef\u00f3nica.<\/p>\n<p>Para realizar una reserva puede enviarnos la solicitud de servicio con una antelaci\u00f3n m\u00ednima de 24 horas y nos pondremos en contacto con usted para confirmar su reserva.<\/p>\n<h3>PROTECCI\u00d3N DE DATOS<\/h3>\n<p>De conformidad con lo que establece la Ley Org\u00e1nica 15\/1999 de Protecci\u00f3n de Datos de Car\u00e1cter Personal (LOPD), TAXI AMIC SL informa a los usuarios de su sitio web que los datos personales recabados por la empresa, mediante los formularios sitos en sus p\u00e1ginas, ser\u00e1n introducidos en un fichero automatizado bajo la responsabilidad de TAXI AMIC SL, con la finalidad de poder facilitar, agilizar y cumplir los compromisos establecidos entre ambas partes.<br \/>\nAsimismo, TAXI AMIC SL informa de la posibilidad de ejercer los derechos de acceso, rectificaci\u00f3n, cancelaci\u00f3n y oposici\u00f3n mediante un escrito a la direcci\u00f3n: C\/TAULAT,24 08005, BARCELONA.<\/p>\n<p>Mientras el usuario no comunique lo contrario a TAXI AMIC SL, \u00e9sta entender\u00e1 que sus datos no han sido modificados, que el usuario se compromete a notificar a TAXI AMIC SL cualquier variaci\u00f3n y que TAXI AMIC SL tiene el consentimiento para utilizarlos a fin de poder fidelizar la relaci\u00f3n entre las partes.<\/p>\n<h3>PROPIEDAD INTELECTUAL E INDUSTRIAL<\/h3>\n<p>TAXI AMIC SL por s\u00ed misma o como cesionaria, es titular de todos los derechos de propiedad intelectual e industrial de su p\u00e1gina web, as\u00ed como de los elementos contenidos en la misma (a t\u00edtulo enunciativo, im\u00e1genes, sonido, audio, v\u00eddeo, software o textos; marcas o logotipos, combinaciones de colores, estructura y dise\u00f1o, selecci\u00f3n de materiales usados, programas de ordenador necesarios para su funcionamiento, acceso y uso, etc.), titularidad de TAXI AMIC SL. Ser\u00e1n, por consiguiente, obras protegidas como propiedad intelectual por el ordenamiento jur\u00eddico espa\u00f1ol, si\u00e9ndoles aplicables tanto la normativa espa\u00f1ola y comunitaria en este campo, como los tratados internacionales relativos a la materia y suscritos por Espa\u00f1a.<\/p>\n<p>Todos los derechos reservados. En virtud de lo dispuesto en los art\u00edculos 8 y 32.1, p\u00e1rrafo segundo, de la Ley de Propiedad Intelectual, quedan expresamente prohibidas la reproducci\u00f3n, la distribuci\u00f3n y la comunicaci\u00f3n p\u00fablica, incluida su modalidad de puesta a disposici\u00f3n, de la totalidad o parte de los contenidos de esta p\u00e1gina web, con fines comerciales, en cualquier soporte y por cualquier medio t\u00e9cnico, sin la autorizaci\u00f3n de TAXI AMIC SL.<\/p>\n<p>El usuario se compromete a respetar los derechos de Propiedad Intelectual e Industrial titularidad de TAXI AMIC SL. Podr\u00e1 visualizar los elementos del portal e incluso imprimirlos, copiarlos y almacenarlos en el disco duro de su ordenador o en cualquier otro soporte f\u00edsico siempre y cuando sea, \u00fanica y exclusivamente, para su uso personal y privado. El usuario deber\u00e1 abstenerse de suprimir, alterar, eludir o manipular cualquier dispositivo de protecci\u00f3n o sistema de seguridad que estuviera instalado en las p\u00e1ginas de TAXI AMIC SL.<\/p>\n<h3>ACCIONES LEGALES, LEGISLACI\u00d3N APLICABLE Y JURISDICCI\u00d3N<\/h3>\n<p>TAXI AMIC SL se reserva, asimismo, la facultad de presentar las acciones civiles o penales que considere oportunas por la utilizaci\u00f3n indebida de su sitio web y contenidos, o por el incumplimiento de las presentes condiciones.<\/p>\n<p>La relaci\u00f3n entre el usuario y el prestador se regir\u00e1 por la normativa vigente y de aplicaci\u00f3n en el territorio espa\u00f1ol. De surgir cualquier controversia las partes podr\u00e1n someter sus conflictos a arbitraje o acudir a la jurisdicci\u00f3n ordinaria cumpliendo con las normas sobre jurisdicci\u00f3n y competencia al respecto. TAXI AMIC SL tiene su domicilio en BARCELONA, Espa\u00f1a.<\/p>\n<h3>Cl\u00c1USULA INFORMATIVA LOPD y LSSI-CE<\/h3>\n<p>En cumplimiento de lo dispuesto en la Ley Org\u00e1nica 15\/1999, de 13 de diciembre, de Protecci\u00f3n de Datos de Car\u00e1cter Personal, le informamos de que los datos personales que usted nos facilite ser\u00e1n incorporados a un fichero del que es responsable TAXI AMIC, SL, que est\u00e1 registrado en la Agencia Espa\u00f1ola de Protecci\u00f3n de Datos, con la finalidad de llevar a cabo la gesti\u00f3n contable, fiscal y administrativa derivada de la relaci\u00f3n, gestionar la prestaci\u00f3n de servicios encomendada y, eventualmente, enviarle informaci\u00f3n comercial y publicitaria sobre nuestros servicios que consideremos que pueda resultarle de inter\u00e9s.<\/p>\n<p>Le concedemos un plazo de treinta (30) d\u00edas para manifestar su negativa al tratamiento y cesi\u00f3n de sus datos, advirti\u00e9ndole de que de no pronunciarse se entender\u00e1 que consiente.<\/p>\n<p>Usted podr\u00e1 revocar en cualquier momento su consentimiento y ejercitar sus derechos de acceso, rectificaci\u00f3n, cancelaci\u00f3n y oposici\u00f3n al tratamiento de sus datos enviando una solicitud por escrito a TAXI AMIC, SL, a su domicilio social a C\/Taulat, 24 Bajos, 08005, Barcelona, o a la direcci\u00f3n de correo electr\u00f3nico info@taxi-amic-adaptat.com.<\/p>\n<h3>CL\u00c1USULA PARA INTRODUCIR EN EL FORMULARIO WEB<\/h3>\n<p>De acuerdo con lo establecido por la Ley Org\u00e1nica 15\/1999, le informamos que los datos obtenidos de este formulario ser\u00e1n incorporados a un fichero automatizado bajo la responsabilidad de TAXI AMIC SL con la finalidad de atender sus consultas y remitirle informaci\u00f3n relacionada que pueda ser de su inter\u00e9s. Puede ejercer sus derechos de acceso, rectificaci\u00f3n, cancelaci\u00f3n y oposici\u00f3n mediante un escrito a nuestra direcci\u00f3n C\/TAULAT,24 08005, BARCELONA.<\/p>\n<p>Mientras no nos comunique lo contrario, entenderemos que sus datos no han sido modificados, que usted se compromete a notificarnos cualquier variaci\u00f3n y que tenemos su consentimiento para utilizarlos para las finalidades mencionadas.<\/p>\n<p>El env\u00edo de estos datos implica la aceptaci\u00f3n de esta cl\u00e1usula.[\/et_pb_text][\/et_pb_column][\/et_pb_row][\/et_pb_section]<\/p>\n","protected":false},"excerpt":{"rendered":"<p>Legal adviceCONDICIONES DE USO En cumplimiento de la Ley 34\/2002, de 11 de julio, de Servicios de la Sociedad de la Informaci\u00f3n y de Comercio Electr\u00f3nico (LSSI-CE), TAXI AMIC SL informa que es titular del sitio web www.taxi-amic-adaptat.com. De acuerdo con la exigencia del art\u00edculo 10 de la citada Ley, TAXI AMIC SL informa de [&hellip;]<\/p>\n","protected":false},"author":1,"featured_media":0,"parent":0,"menu_order":0,"comment_status":"closed","ping_status":"closed","template":"","meta":{"_et_pb_use_builder":"on","_et_pb_old_content":"","_et_gb_content_width":"","footnotes":""},"class_list":["post-513","page","type-page","status-publish","hentry"],"_links":{"self":[{"href":"https:\/\/www.taxiamic.cat\/en\/wp-json\/wp\/v2\/pages\/513","targetHints":{"allow":["GET"]}}],"collection":[{"href":"https:\/\/www.taxiamic.cat\/en\/wp-json\/wp\/v2\/pages"}],"about":[{"href":"https:\/\/www.taxiamic.cat\/en\/wp-json\/wp\/v2\/types\/page"}],"author":[{"embeddable":true,"href":"https:\/\/www.taxiamic.cat\/en\/wp-json\/wp\/v2\/users\/1"}],"replies":[{"embeddable":true,"href":"https:\/\/www.taxiamic.cat\/en\/wp-json\/wp\/v2\/comments?post=513"}],"version-history":[{"count":3,"href":"https:\/\/www.taxiamic.cat\/en\/wp-json\/wp\/v2\/pages\/513\/revisions"}],"predecessor-version":[{"id":519,"href":"https:\/\/www.taxiamic.cat\/en\/wp-json\/wp\/v2\/pages\/513\/revisions\/519"}],"wp:attachment":[{"href":"https:\/\/www.taxiamic.cat\/en\/wp-json\/wp\/v2\/media?parent=513"}],"curies":[{"name":"wp","href":"https:\/\/api.w.org\/{rel}","templated":true}]}}